{"id":2477,"date":"2022-10-05T18:52:34","date_gmt":"2022-10-05T18:52:34","guid":{"rendered":"https:\/\/teollisuusperinne.fi\/?page_id=2477"},"modified":"2022-10-12T19:09:52","modified_gmt":"2022-10-12T19:09:52","slug":"anpap","status":"publish","type":"page","link":"https:\/\/teollisuusperinne.fi\/index.php\/anpap\/","title":{"rendered":"Anpap"},"content":{"rendered":"\t\t<div data-elementor-type=\"wp-page\" data-elementor-id=\"2477\" class=\"elementor elementor-2477\">\n\t\t\t\t\t\t<section class=\"elementor-section elementor-top-section elementor-element elementor-element-fea08e4 elementor-section-boxed elementor-section-height-default elementor-section-height-default\" data-id=\"fea08e4\" data-element_type=\"section\" data-e-type=\"section\">\n\t\t\t\t\t\t<div class=\"elementor-container elementor-column-gap-no\">\n\t\t\t\t\t<div class=\"elementor-column elementor-col-100 elementor-top-column elementor-element elementor-element-36afdcb\" data-id=\"36afdcb\" data-element_type=\"column\" data-e-type=\"column\">\n\t\t\t<div class=\"elementor-widget-wrap elementor-element-populated\">\n\t\t\t\t\t\t<div class=\"elementor-element elementor-element-8dace70 elementor-widget elementor-widget-text-editor\" data-id=\"8dace70\" data-element_type=\"widget\" data-e-type=\"widget\" data-widget_type=\"text-editor.default\">\n\t\t\t\t<div class=\"elementor-widget-container\">\n\t\t\t\t\t\t\t\t\t<p><span style=\"color: #808080;\">Anpap Oy perustettiin 2002 Walkisoftin perustalle, kun se myytiin UPM-Kymmene-fuusion j\u00e4lkeen vuonna 1999 amerikkalaiselle Buckeye Technologies Inc. -yhti\u00f6lle. Walkisoftin ostamisen j\u00e4lkeen Buckeye:sta tuli suurin Airlaidin tuottaja maailmassa. Anpap Oy keskittyy Airlaid eli kuivaraunaus -teknologiaan. Kuivarainauksessa muodostetaan kuiduista jatkuvia rainoja, joissa ilma toimii v\u00e4linaineena. Lopputulos on kangasmainen paperi, jossa kuidut sidotaan toisiinsa joko kemikaalien, mekaanisen- tai l\u00e4mp\u00f6energian avulla.<\/span><\/p><p><span style=\"color: #808080;\">Anpap tuottaa valmiita Airlaid -tuotantolinjoja ja -pilottilinjoja. Yrityksen linjoja on viety maailmanlaajuisesti Eurooppaan, Aasiaan ja Pohjois-Amerikkaan, mutta Anpap on toimittanut koneita my\u00f6s kotimaisille toimijoille kuten esimerkiksi vuonna 2007 k\u00e4ynnistyneelle Lacell Oy:lle.<\/span><\/p><p><span style=\"color: #808080;\">Valmiiden tuotantolinjojen lis\u00e4ksi Anpap kehitt\u00e4\u00e4 ja p\u00e4ivitt\u00e4\u00e4 jo olemassa olevaa Airlaid -teknologiaa. Se toimittaa muun muassa uusia ja kehittyneempi\u00e4 komponentteja sek\u00e4 suunnittelu ty\u00f6kaluja. Anpap mainostaa sen asiakkaiden saavan heid\u00e4n avullaan tehostettua tuotantoaan, nostamaan tuotanto kapasiteettiaan, laskemaan energiatarpeita ja p\u00e4\u00e4st\u00f6j\u00e4 sek\u00e4 nostamaan kuivarainaustuotteiden laatua. Lis\u00e4ksi Anpap tarjoaa konsultointia ja insin\u00f6\u00f6ritaitoa asiakkailleen.<\/span><\/p><p><span style=\"color: #808080;\">Anpap ty\u00f6llisti vuonna 2021 yksitoista henkil\u00f6\u00e4 ja sen liikevaihto oli 7,8 miljoonaa euroa.<\/span><\/p><p><span style=\"color: #808080;\">Paavo Laurila<\/span><\/p>\t\t\t\t\t\t\t\t<\/div>\n\t\t\t\t<\/div>\n\t\t\t\t\t<\/div>\n\t\t<\/div>\n\t\t\t\t\t<\/div>\n\t\t<\/section>\n\t\t\t\t<\/div>\n\t\t","protected":false},"excerpt":{"rendered":"<p>Anpap Oy perustettiin 2002 Walkisoftin perustalle, kun se myytiin UPM-Kymmene-fuusion j\u00e4lkeen vuonna 1999 amerikkalaiselle Buckeye Technologies Inc. -yhti\u00f6lle. Walkisoftin ostamisen j\u00e4lkeen Buckeye:sta tuli suurin Airlaidin tuottaja maailmassa. Anpap Oy keskittyy Airlaid eli kuivaraunaus -teknologiaan. Kuivarainauksessa muodostetaan kuiduista jatkuvia rainoja, joissa ilma toimii v\u00e4linaineena. Lopputulos on kangasmainen paperi, jossa kuidut sidotaan toisiinsa joko kemikaalien, mekaanisen- tai [&hellip;]<\/p>\n","protected":false},"author":3,"featured_media":0,"parent":0,"menu_order":0,"comment_status":"closed","ping_status":"closed","template":"elementor_canvas","meta":{"footnotes":""},"folder":[9],"class_list":["post-2477","page","type-page","status-publish","hentry"],"_links":{"self":[{"href":"https:\/\/teollisuusperinne.fi\/index.php\/wp-json\/wp\/v2\/pages\/2477","targetHints":{"allow":["GET"]}}],"collection":[{"href":"https:\/\/teollisuusperinne.fi\/index.php\/wp-json\/wp\/v2\/pages"}],"about":[{"href":"https:\/\/teollisuusperinne.fi\/index.php\/wp-json\/wp\/v2\/types\/page"}],"author":[{"embeddable":true,"href":"https:\/\/teollisuusperinne.fi\/index.php\/wp-json\/wp\/v2\/users\/3"}],"replies":[{"embeddable":true,"href":"https:\/\/teollisuusperinne.fi\/index.php\/wp-json\/wp\/v2\/comments?post=2477"}],"version-history":[{"count":10,"href":"https:\/\/teollisuusperinne.fi\/index.php\/wp-json\/wp\/v2\/pages\/2477\/revisions"}],"predecessor-version":[{"id":2619,"href":"https:\/\/teollisuusperinne.fi\/index.php\/wp-json\/wp\/v2\/pages\/2477\/revisions\/2619"}],"wp:attachment":[{"href":"https:\/\/teollisuusperinne.fi\/index.php\/wp-json\/wp\/v2\/media?parent=2477"}],"wp:term":[{"taxonomy":"folder","embeddable":true,"href":"https:\/\/teollisuusperinne.fi\/index.php\/wp-json\/wp\/v2\/folder?post=2477"}],"curies":[{"name":"wp","href":"https:\/\/api.w.org\/{rel}","templated":true}]}}