{"id":2371,"date":"2022-09-15T09:20:58","date_gmt":"2022-09-15T09:20:58","guid":{"rendered":"https:\/\/teollisuusperinne.fi\/?page_id=2371"},"modified":"2022-09-16T07:09:39","modified_gmt":"2022-09-16T07:09:39","slug":"elementor-2371","status":"publish","type":"page","link":"https:\/\/teollisuusperinne.fi\/index.php\/elementor-2371\/","title":{"rendered":"J\u00c4SENEKSI"},"content":{"rendered":"\t\t<div data-elementor-type=\"wp-page\" data-elementor-id=\"2371\" class=\"elementor elementor-2371\">\n\t\t\t\t\t\t<section class=\"elementor-section elementor-top-section elementor-element elementor-element-0963668 elementor-section-boxed elementor-section-height-default elementor-section-height-default\" data-id=\"0963668\" data-element_type=\"section\" data-e-type=\"section\">\n\t\t\t\t\t\t<div class=\"elementor-container elementor-column-gap-default\">\n\t\t\t\t\t<div class=\"elementor-column elementor-col-100 elementor-top-column elementor-element elementor-element-b55dbe6\" data-id=\"b55dbe6\" data-element_type=\"column\" data-e-type=\"column\">\n\t\t\t<div class=\"elementor-widget-wrap elementor-element-populated\">\n\t\t\t\t\t\t<div class=\"elementor-element elementor-element-a85b92d elementor-widget elementor-widget-heading\" data-id=\"a85b92d\" data-element_type=\"widget\" data-e-type=\"widget\" data-widget_type=\"heading.default\">\n\t\t\t\t<div class=\"elementor-widget-container\">\n\t\t\t\t\t<h2 class=\"elementor-heading-title elementor-size-default\">J\u00c4SENEKSI<\/h2>\t\t\t\t<\/div>\n\t\t\t\t<\/div>\n\t\t\t\t\t<\/div>\n\t\t<\/div>\n\t\t\t\t\t<\/div>\n\t\t<\/section>\n\t\t\t\t<section class=\"elementor-section elementor-top-section elementor-element elementor-element-b0dac1b elementor-section-boxed elementor-section-height-default elementor-section-height-default\" data-id=\"b0dac1b\" data-element_type=\"section\" data-e-type=\"section\">\n\t\t\t\t\t\t<div class=\"elementor-container elementor-column-gap-default\">\n\t\t\t\t\t<div class=\"elementor-column elementor-col-100 elementor-top-column elementor-element elementor-element-22e9867\" data-id=\"22e9867\" data-element_type=\"column\" data-e-type=\"column\">\n\t\t\t<div class=\"elementor-widget-wrap elementor-element-populated\">\n\t\t\t\t\t\t<div class=\"elementor-element elementor-element-9b07288 elementor-widget elementor-widget-text-editor\" data-id=\"9b07288\" data-element_type=\"widget\" data-e-type=\"widget\" data-widget_type=\"text-editor.default\">\n\t\t\t\t<div class=\"elementor-widget-container\">\n\t\t\t\t\t\t\t\t\t<p>Tule mukaan toimintaan ja liity j\u00e4seneksi!&nbsp;J\u00e4seneksi voi liitty\u00e4&nbsp;yritys ja yhteis\u00f6 sek\u00e4 yksityishenkil\u00f6kin.<\/p>\n<p>J\u00e4senkyselyt osoitteeseen: info@teollisuusperinne.fi<\/p>\n<p>Ilmoita j\u00e4seneksi liittymist\u00e4 varten<\/p>\n<ul>\n<li>Yritys \/ Nimi<\/li>\n<li>Osoite<\/li>\n<li>Puhelinnumero<\/li>\n<li>S\u00e4hk\u00f6posti<\/li>\n<\/ul>\n<div>J\u00e4senmaksu<\/div>\n<ul>\n<li>Yritykset\/yhteis\u00f6t 100 euroa<\/li>\n<li>Yksityishenkil\u00f6t 30 euroa<\/li>\n<\/ul>\t\t\t\t\t\t\t\t<\/div>\n\t\t\t\t<\/div>\n\t\t\t\t\t<\/div>\n\t\t<\/div>\n\t\t\t\t\t<\/div>\n\t\t<\/section>\n\t\t\t\t<\/div>\n\t\t","protected":false},"excerpt":{"rendered":"<p>J\u00c4SENEKSI Tule mukaan toimintaan ja liity j\u00e4seneksi!&nbsp;J\u00e4seneksi voi liitty\u00e4&nbsp;yritys ja yhteis\u00f6 sek\u00e4 yksityishenkil\u00f6kin. J\u00e4senkyselyt osoitteeseen: info@teollisuusperinne.fi Ilmoita j\u00e4seneksi liittymist\u00e4 varten Yritys \/ Nimi Osoite Puhelinnumero S\u00e4hk\u00f6posti J\u00e4senmaksu Yritykset\/yhteis\u00f6t 100 euroa Yksityishenkil\u00f6t 30 euroa<\/p>\n","protected":false},"author":1,"featured_media":0,"parent":0,"menu_order":0,"comment_status":"closed","ping_status":"closed","template":"elementor_canvas","meta":{"footnotes":""},"folder":[],"class_list":["post-2371","page","type-page","status-publish","hentry"],"_links":{"self":[{"href":"https:\/\/teollisuusperinne.fi\/index.php\/wp-json\/wp\/v2\/pages\/2371","targetHints":{"allow":["GET"]}}],"collection":[{"href":"https:\/\/teollisuusperinne.fi\/index.php\/wp-json\/wp\/v2\/pages"}],"about":[{"href":"https:\/\/teollisuusperinne.fi\/index.php\/wp-json\/wp\/v2\/types\/page"}],"author":[{"embeddable":true,"href":"https:\/\/teollisuusperinne.fi\/index.php\/wp-json\/wp\/v2\/users\/1"}],"replies":[{"embeddable":true,"href":"https:\/\/teollisuusperinne.fi\/index.php\/wp-json\/wp\/v2\/comments?post=2371"}],"version-history":[{"count":11,"href":"https:\/\/teollisuusperinne.fi\/index.php\/wp-json\/wp\/v2\/pages\/2371\/revisions"}],"predecessor-version":[{"id":2390,"href":"https:\/\/teollisuusperinne.fi\/index.php\/wp-json\/wp\/v2\/pages\/2371\/revisions\/2390"}],"wp:attachment":[{"href":"https:\/\/teollisuusperinne.fi\/index.php\/wp-json\/wp\/v2\/media?parent=2371"}],"wp:term":[{"taxonomy":"folder","embeddable":true,"href":"https:\/\/teollisuusperinne.fi\/index.php\/wp-json\/wp\/v2\/folder?post=2371"}],"curies":[{"name":"wp","href":"https:\/\/api.w.org\/{rel}","templated":true}]}}