{"id":223,"date":"2021-01-29T08:20:27","date_gmt":"2021-01-29T08:20:27","guid":{"rendered":"https:\/\/teollisuusperinne.fi\/?page_id=223"},"modified":"2021-05-12T07:48:07","modified_gmt":"2021-05-12T07:48:07","slug":"stipendirahasto","status":"publish","type":"page","link":"https:\/\/teollisuusperinne.fi\/index.php\/stipendirahasto\/","title":{"rendered":"Stipendirahasto"},"content":{"rendered":"\t\t<div data-elementor-type=\"wp-page\" data-elementor-id=\"223\" class=\"elementor elementor-223\">\n\t\t\t\t\t\t<section class=\"elementor-section elementor-top-section elementor-element elementor-element-c1852d1 elementor-section-boxed elementor-section-height-default elementor-section-height-default\" data-id=\"c1852d1\" data-element_type=\"section\" data-e-type=\"section\">\n\t\t\t\t\t\t<div class=\"elementor-container elementor-column-gap-default\">\n\t\t\t\t\t<div class=\"elementor-column elementor-col-100 elementor-top-column elementor-element elementor-element-af3fcbf\" data-id=\"af3fcbf\" data-element_type=\"column\" data-e-type=\"column\">\n\t\t\t<div class=\"elementor-widget-wrap elementor-element-populated\">\n\t\t\t\t\t\t<div class=\"elementor-element elementor-element-a1dff59 elementor-widget elementor-widget-text-editor\" data-id=\"a1dff59\" data-element_type=\"widget\" data-e-type=\"widget\" data-widget_type=\"text-editor.default\">\n\t\t\t\t<div class=\"elementor-widget-container\">\n\t\t\t\t\t\t\t\t\t<p>STIPENDIRAHASTO<\/p><p>Valkeakosken Teollisuusperinne ry:n yhteyteen yritykset ja muut elinkeinoel\u00e4m\u00e4n toimijat voivat perustaa nime\u00e4\u00e4n kantavan stipendirahaston. Yhdistyksen yhteyteen perustamallaan stipendirahastolla yritys voi vaivattomasti suunnata ja tukea opiskelijoita.<\/p><p>Perustetut stipendirahastot:<\/p><p>Horsmalahti Oy:n stipendirahasto (perustettu 2013)<\/p><p>Perustetulla Horsmalahti Oy:n stipendirahastolla tuetaan ja annetaan stipendej\u00e4 hyvin menestyneille teollisuusalojen opiskelijoille.<\/p>\t\t\t\t\t\t\t\t<\/div>\n\t\t\t\t<\/div>\n\t\t\t\t\t<\/div>\n\t\t<\/div>\n\t\t\t\t\t<\/div>\n\t\t<\/section>\n\t\t\t\t<\/div>\n\t\t","protected":false},"excerpt":{"rendered":"<p>STIPENDIRAHASTO Valkeakosken Teollisuusperinne ry:n yhteyteen yritykset ja muut elinkeinoel\u00e4m\u00e4n toimijat voivat perustaa nime\u00e4\u00e4n kantavan stipendirahaston. Yhdistyksen yhteyteen perustamallaan stipendirahastolla yritys voi vaivattomasti suunnata ja tukea opiskelijoita. Perustetut stipendirahastot: Horsmalahti Oy:n stipendirahasto (perustettu 2013) Perustetulla Horsmalahti Oy:n stipendirahastolla tuetaan ja annetaan stipendej\u00e4 hyvin menestyneille teollisuusalojen opiskelijoille.<\/p>\n","protected":false},"author":3,"featured_media":0,"parent":0,"menu_order":0,"comment_status":"closed","ping_status":"closed","template":"elementor_canvas","meta":{"footnotes":""},"folder":[8],"class_list":["post-223","page","type-page","status-publish","hentry"],"_links":{"self":[{"href":"https:\/\/teollisuusperinne.fi\/index.php\/wp-json\/wp\/v2\/pages\/223","targetHints":{"allow":["GET"]}}],"collection":[{"href":"https:\/\/teollisuusperinne.fi\/index.php\/wp-json\/wp\/v2\/pages"}],"about":[{"href":"https:\/\/teollisuusperinne.fi\/index.php\/wp-json\/wp\/v2\/types\/page"}],"author":[{"embeddable":true,"href":"https:\/\/teollisuusperinne.fi\/index.php\/wp-json\/wp\/v2\/users\/3"}],"replies":[{"embeddable":true,"href":"https:\/\/teollisuusperinne.fi\/index.php\/wp-json\/wp\/v2\/comments?post=223"}],"version-history":[{"count":25,"href":"https:\/\/teollisuusperinne.fi\/index.php\/wp-json\/wp\/v2\/pages\/223\/revisions"}],"predecessor-version":[{"id":1703,"href":"https:\/\/teollisuusperinne.fi\/index.php\/wp-json\/wp\/v2\/pages\/223\/revisions\/1703"}],"wp:attachment":[{"href":"https:\/\/teollisuusperinne.fi\/index.php\/wp-json\/wp\/v2\/media?parent=223"}],"wp:term":[{"taxonomy":"folder","embeddable":true,"href":"https:\/\/teollisuusperinne.fi\/index.php\/wp-json\/wp\/v2\/folder?post=223"}],"curies":[{"name":"wp","href":"https:\/\/api.w.org\/{rel}","templated":true}]}}