{"id":2219,"date":"2022-05-03T18:56:57","date_gmt":"2022-05-03T18:56:57","guid":{"rendered":"https:\/\/teollisuusperinne.fi\/?page_id=2219"},"modified":"2022-05-03T19:08:13","modified_gmt":"2022-05-03T19:08:13","slug":"tietosuojaseloste-2","status":"publish","type":"page","link":"https:\/\/teollisuusperinne.fi\/index.php\/tietosuojaseloste-2\/","title":{"rendered":"Tietosuojaseloste"},"content":{"rendered":"\t\t<div data-elementor-type=\"wp-page\" data-elementor-id=\"2219\" class=\"elementor elementor-2219\">\n\t\t\t\t\t\t<section class=\"elementor-section elementor-top-section elementor-element elementor-element-815f960 elementor-section-boxed elementor-section-height-default elementor-section-height-default\" data-id=\"815f960\" data-element_type=\"section\" data-e-type=\"section\">\n\t\t\t\t\t\t<div class=\"elementor-container elementor-column-gap-wide\">\n\t\t\t\t\t<div class=\"elementor-column elementor-col-100 elementor-top-column elementor-element elementor-element-230d6bd0\" data-id=\"230d6bd0\" data-element_type=\"column\" data-e-type=\"column\">\n\t\t\t<div class=\"elementor-widget-wrap elementor-element-populated\">\n\t\t\t\t\t\t<div class=\"elementor-element elementor-element-1d519def elementor-widget elementor-widget-text-editor\" data-id=\"1d519def\" data-element_type=\"widget\" data-e-type=\"widget\" data-widget_type=\"text-editor.default\">\n\t\t\t\t<div class=\"elementor-widget-container\">\n\t\t\t\t\t\t\t\t\t\n<h2 class=\"wp-block-heading\">Valkeakosken Teollisuusperinne ry:n tietosuojaseloste<\/h2>\n\n\n\n<p>Verkkosivustomme osoite on: https:\/\/teollisuusperinne.fi.<\/p>\n\n\n\n<h4 class=\"wp-block-heading\"><strong>&nbsp;<\/strong><\/h4>\n\n\n\n<h4 class=\"wp-block-heading\"><strong>1. Rekisterinpit\u00e4j\u00e4<\/strong><\/h4>\n\n\n\n<p>Valkeakosken Teollisuusperinne ry, Vanhankyl\u00e4ntie 2, 37630 Valkeakoski, <a href=\"mailto:raimo.alarova@vaao.fi\">raimo.alarova@vaao.fi<\/a> ja matkapuhelin 0400800972. <\/p>\n\n\n\n<h4 class=\"wp-block-heading\"><strong>&nbsp;<\/strong><\/h4>\n\n\n\n<h4 class=\"wp-block-heading\"><strong>2. Yhteyshenkil\u00f6 rekisteri\u00e4 koskevissa asioissa<\/strong><\/h4>\n\n\n\n<p>Raimo Alarova, puheenjohtaja<\/p>\n\n\n\n<p>p. 04004800972<\/p>\n\n\n\n<p><a href=\"mailto:raimo.alarova@vaao.fi\">raimo.alarova@vaao.fi<\/a><\/p>\n\n\n\n<h4 class=\"wp-block-heading\"><strong>3. Rekisterin nimi<\/strong><\/h4>\n\n\n\n<p>Valkeakosken Teollisuusperinne ry:n j\u00e4senrekisteri (Yhdistyksen verkkosivujen kautta ker\u00e4tty j\u00e4sentieto). Tiedot puheenjohtajalla.<\/p>\n\n\n\n<h4 class=\"wp-block-heading\"><strong>&nbsp;<\/strong><\/h4>\n\n\n\n<h4 class=\"wp-block-heading\"><strong>4. Rekister\u00f6idyt<\/strong><\/h4>\n\n\n\n<p>Yhteis\u00f6- ja henkil\u00f6j\u00e4senet.<\/p>\n\n\n\n<h4 class=\"wp-block-heading\"><strong>&nbsp;<\/strong><\/h4>\n\n\n\n<h4 class=\"wp-block-heading\"><strong>5. Rekisterin pit\u00e4misen ja henkil\u00f6tietojen k\u00e4sittelyn perusteet ja k\u00e4ytt\u00f6tarkoitus<\/strong><\/h4>\n\n\n\n<p>Henkil\u00f6tietojen k\u00e4sittely perustuu henkil\u00f6n itsens\u00e4 antamaan suostumukseen.<\/p>\n\n\n\n<p>Henkil\u00f6tietojen k\u00e4ytt\u00f6tarkoituksena on j\u00e4senmaksujen ker\u00e4\u00e4misen mahdollistaminen ja yhteydenpito j\u00e4seniin.<\/p>\n\n\n\n<h4 class=\"wp-block-heading\"><strong>&nbsp;<\/strong><\/h4>\n\n\n\n<h4 class=\"wp-block-heading\"><strong>6. K\u00e4sitelt\u00e4v\u00e4t henkil\u00f6tiedot<\/strong><\/h4>\n\n\n\n<p>Rekister\u00f6idyist\u00e4 ker\u00e4t\u00e4\u00e4n rekisteriin: nimitiedot, osoite, s\u00e4hk\u00f6postiosoite ja puhelinnumero. J\u00e4sentiedot saadaan j\u00e4senen l\u00e4hett\u00e4m\u00e4n s\u00e4hk\u00f6postin v\u00e4lityksell\u00e4.<\/p>\n\n\n\n<h4 class=\"wp-block-heading\"><strong>&nbsp;<\/strong><\/h4>\n\n\n\n<h4 class=\"wp-block-heading\"><strong>7. S\u00e4\u00e4nn\u00f6nmukaiset tietol\u00e4hteet<\/strong><\/h4>\n\n\n\n<p>Rekister\u00f6idyt antavat itse tietonsa. <\/p>\n\n\n\n<h4 class=\"wp-block-heading\"><strong>&nbsp;<\/strong><\/h4>\n\n\n\n<h4 class=\"wp-block-heading\"><strong>8. Tietojen luovutus ja siirt\u00e4minen<\/strong><\/h4>\n\n\n\n<p>Nettisivullamme emme ker\u00e4\u00e4 tietoja, mutta mahdolliset j\u00e4senpyynn\u00f6t s\u00e4hk\u00f6postiin, jolloin tiedot j\u00e4\u00e4v\u00e4t yhdistyksen puheenjohtajalle. Tarvittaessa voit pyyt\u00e4\u00e4 poistamaan s\u00e4hk\u00f6postin.<\/p>\n\n\n\n<h4 class=\"wp-block-heading\"><strong>&nbsp;<\/strong><\/h4>\n\n\n\n<h4 class=\"wp-block-heading\"><strong>9.&nbsp; Tietojen suojaus<\/strong><\/h4>\n\n\n\n<p>Tietojen suojausmekanismina on kaappien lukitseminen. Sivun yll\u00e4pit\u00e4j\u00e4 varmistaa\u00a0s\u00e4\u00e4nn\u00f6llisesti sivun asianmukaiset p\u00e4ivitykset , poistaa vanhentuneet tai muuten ep\u00e4oleelliset tiedot. S\u00e4hk\u00f6postia l\u00e4hett\u00e4ess\u00e4 tietoturvasta vastaa s\u00e4hk\u00f6postiohjelman palveluntarjoaja.<\/p>\n\n\n\n<h4 class=\"wp-block-heading\"><strong>&nbsp;<\/strong><\/h4>\n\n\n\n<h4 class=\"wp-block-heading\"><strong>10. Tietojen k\u00e4sittelyn kesto<\/strong><\/h4>\n\n\n\n<p>Tiedot pysyv\u00e4t puheenjohtajalla, niin kauan kuin asianomainen on j\u00e4senen\u00e4.<\/p>\n\n\n\n<h4 class=\"wp-block-heading\"><strong>&nbsp;<\/strong><\/h4>\n\n\n\n<h4 class=\"wp-block-heading\"><strong>11. Tietojen k\u00e4sittelij\u00e4t<\/strong><\/h4>\n\n\n\n<p>Tietojen k\u00e4sittelij\u00e4n\u00e4 toimii puheenjohtaja Raimo Alarova.<\/p>\n\n\n\n<h4 class=\"wp-block-heading\"><strong>&nbsp;<\/strong><\/h4>\n\n\n\n<h4 class=\"wp-block-heading\"><strong>12. Automaattinen p\u00e4\u00e4t\u00f6ksenteko ja profilointi<\/strong><\/h4>\n\n\n\n<p>Ei sis\u00e4ll\u00e4 automaattista p\u00e4\u00e4t\u00f6ksentekoa tai profilointia.<\/p>\n\n\n\n<h4 class=\"wp-block-heading\"><strong>&nbsp;<\/strong><\/h4>\n\n\n\n<h4 class=\"wp-block-heading\"><strong>13. Rekister\u00f6ityjen oikeudet<\/strong><\/h4>\n\n\n\n<p>Jokaisella rekister\u00f6idyll\u00e4 on oikeus pyyt\u00e4\u00e4 muuttamaan tai poistamaan tietonsa milloin tahansa.<\/p>\n\n\n\n<h4 class=\"wp-block-heading\"><strong>&nbsp;<\/strong><\/h4>\n\n\n\n<h4 class=\"wp-block-heading\"><strong>14. Yhteydenotot<\/strong><\/h4>\n\n\n\n<p>Kaikki t\u00e4t\u00e4 selostetta koskevat yhteydenotot ja pyynn\u00f6t tulee esitt\u00e4\u00e4 s\u00e4hk\u00f6postilla <a href=\"mailto:raimo.alarova@vaao.fi\">raimo.alarova@vaao.fi<\/a><em>. <\/em><\/p>\n\n\n\n<h4 class=\"wp-block-heading\"><strong>&nbsp;<\/strong><\/h4>\n\n\n\n<h4 class=\"wp-block-heading\"><strong>15. Muutokset tietosuojaselosteessa<\/strong><\/h4>\n\n\n\n<p>Mik\u00e4li muutamme t\u00e4t\u00e4 selostetta, laitamme muutokset n\u00e4kyville selosteeseen p\u00e4iv\u00e4ttyin\u00e4. Mik\u00e4li muutokset ovat merkitt\u00e4vi\u00e4, voimme informoida n\u00e4ist\u00e4 my\u00f6s muulla tavoin, kuten s\u00e4hk\u00f6postitse tai laittamalla sivuillemme asiasta ilmoituksen. Suosittelemme, ett\u00e4 k\u00e4ytte s\u00e4\u00e4nn\u00f6llisesti sivuillamme ja huomioitte mahdolliset muutoksemme selosteessa.<\/p>\n\n\n\n<h4 class=\"wp-block-heading\"><strong>16. Millaisia ev\u00e4steit\u00e4 k\u00e4yt\u00e4mme<\/strong><\/h4>\n\n\n\n<p>V\u00e4ltt\u00e4m\u00e4tt\u00f6m\u00e4t ev\u00e4steet<\/p>\n\n\n\n<p>V\u00e4ltt\u00e4m\u00e4tt\u00f6m\u00e4t ev\u00e4steet mahdollistavat verkkosivuston perustoiminnot sek\u00e4 informatiivisten ikkunoiden toiminnan kuten ev\u00e4stesuostumuksen kysyminen N\u00e4m\u00e4 ev\u00e4steet tulee olla aina k\u00e4yt\u00f6ss\u00e4, koska ne ovat v\u00e4ltt\u00e4m\u00e4tt\u00f6mi\u00e4, jotta teollisuusperinne.fi-sivusto voi toimia oikein.<\/p>\n\t\t\t\t\t\t\t\t<\/div>\n\t\t\t\t<\/div>\n\t\t\t\t\t<\/div>\n\t\t<\/div>\n\t\t\t\t\t<\/div>\n\t\t<\/section>\n\t\t\t\t<\/div>\n\t\t","protected":false},"excerpt":{"rendered":"<p>Valkeakosken Teollisuusperinne ry:n tietosuojaseloste Verkkosivustomme osoite on: https:\/\/teollisuusperinne.fi. &nbsp; 1. Rekisterinpit\u00e4j\u00e4 Valkeakosken Teollisuusperinne ry, Vanhankyl\u00e4ntie 2, 37630 Valkeakoski, raimo.alarova@vaao.fi ja matkapuhelin 0400800972. &nbsp; 2. Yhteyshenkil\u00f6 rekisteri\u00e4 koskevissa asioissa Raimo Alarova, puheenjohtaja p. 04004800972 raimo.alarova@vaao.fi 3. Rekisterin nimi Valkeakosken Teollisuusperinne ry:n j\u00e4senrekisteri (Yhdistyksen verkkosivujen kautta ker\u00e4tty j\u00e4sentieto). Tiedot puheenjohtajalla. &nbsp; 4. Rekister\u00f6idyt Yhteis\u00f6- ja henkil\u00f6j\u00e4senet. &nbsp; [&hellip;]<\/p>\n","protected":false},"author":1,"featured_media":0,"parent":0,"menu_order":0,"comment_status":"closed","ping_status":"closed","template":"elementor_canvas","meta":{"footnotes":""},"folder":[],"class_list":["post-2219","page","type-page","status-publish","hentry"],"_links":{"self":[{"href":"https:\/\/teollisuusperinne.fi\/index.php\/wp-json\/wp\/v2\/pages\/2219","targetHints":{"allow":["GET"]}}],"collection":[{"href":"https:\/\/teollisuusperinne.fi\/index.php\/wp-json\/wp\/v2\/pages"}],"about":[{"href":"https:\/\/teollisuusperinne.fi\/index.php\/wp-json\/wp\/v2\/types\/page"}],"author":[{"embeddable":true,"href":"https:\/\/teollisuusperinne.fi\/index.php\/wp-json\/wp\/v2\/users\/1"}],"replies":[{"embeddable":true,"href":"https:\/\/teollisuusperinne.fi\/index.php\/wp-json\/wp\/v2\/comments?post=2219"}],"version-history":[{"count":11,"href":"https:\/\/teollisuusperinne.fi\/index.php\/wp-json\/wp\/v2\/pages\/2219\/revisions"}],"predecessor-version":[{"id":2239,"href":"https:\/\/teollisuusperinne.fi\/index.php\/wp-json\/wp\/v2\/pages\/2219\/revisions\/2239"}],"wp:attachment":[{"href":"https:\/\/teollisuusperinne.fi\/index.php\/wp-json\/wp\/v2\/media?parent=2219"}],"wp:term":[{"taxonomy":"folder","embeddable":true,"href":"https:\/\/teollisuusperinne.fi\/index.php\/wp-json\/wp\/v2\/folder?post=2219"}],"curies":[{"name":"wp","href":"https:\/\/api.w.org\/{rel}","templated":true}]}}