{"id":221,"date":"2021-01-29T08:19:55","date_gmt":"2021-01-29T08:19:55","guid":{"rendered":"https:\/\/teollisuusperinne.fi\/?page_id=221"},"modified":"2025-08-18T19:12:21","modified_gmt":"2025-08-18T19:12:21","slug":"tapahtumat","status":"publish","type":"page","link":"https:\/\/teollisuusperinne.fi\/index.php\/tapahtumat\/","title":{"rendered":"Tapahtumat"},"content":{"rendered":"\t\t<div data-elementor-type=\"wp-page\" data-elementor-id=\"221\" class=\"elementor elementor-221\">\n\t\t\t\t\t\t<section class=\"elementor-section elementor-top-section elementor-element elementor-element-5bc15df elementor-section-boxed elementor-section-height-default elementor-section-height-default\" data-id=\"5bc15df\" data-element_type=\"section\" data-e-type=\"section\" data-settings=\"{&quot;background_background&quot;:&quot;classic&quot;}\">\n\t\t\t\t\t\t<div class=\"elementor-container elementor-column-gap-default\">\n\t\t\t\t\t<div class=\"elementor-column elementor-col-100 elementor-top-column elementor-element elementor-element-de0743f\" data-id=\"de0743f\" data-element_type=\"column\" data-e-type=\"column\">\n\t\t\t<div class=\"elementor-widget-wrap elementor-element-populated\">\n\t\t\t\t\t\t<div class=\"elementor-element elementor-element-7c6f1a3 elementor-widget elementor-widget-toggle\" data-id=\"7c6f1a3\" data-element_type=\"widget\" data-e-type=\"widget\" data-widget_type=\"toggle.default\">\n\t\t\t\t<div class=\"elementor-widget-container\">\n\t\t\t\t\t\t\t<div class=\"elementor-toggle\">\n\t\t\t\t\t\t\t<div class=\"elementor-toggle-item\">\n\t\t\t\t\t<div id=\"elementor-tab-title-1301\" class=\"elementor-tab-title\" data-tab=\"1\" role=\"button\" aria-controls=\"elementor-tab-content-1301\" aria-expanded=\"false\">\n\t\t\t\t\t\t\t\t\t\t\t\t<a class=\"elementor-toggle-title\" tabindex=\"0\">TUOTANTO RAKENNEMUUTOKSESSA: Teollisuusperint\u00f6 haastaa uusiutumaan 16.8.2025  <\/a>\n\t\t\t\t\t<\/div>\n\n\t\t\t\t\t<div id=\"elementor-tab-content-1301\" class=\"elementor-tab-content elementor-clearfix\" data-tab=\"1\" role=\"region\" aria-labelledby=\"elementor-tab-title-1301\"><p><\/p>\n<p>Keskustelu- ja luentotilaisuus, keskustelukammari, Valkeakosken kotiseutup\u00e4iv\u00e4t 16.8.2025<\/p>\n<p>Yhdistys j\u00e4rjesti keskustelu- ja luentotilaisuuden osana Valkeakosken kotiseutup\u00e4ivien ohjelmaa lauantaina 16.8.2025. Tilaisuuden aiheena oli&nbsp;Tuotanto rakennemuutoksessa: Teollisuusperint\u00f6 haastaa uusiutumaan. Tilaisuudessa luennoin yliasiamies Atte J\u00e4\u00e4skel\u00e4inen aiheesta, Alueet ja talouskasvu: ev\u00e4\u00e4t tulevaisuuden hyvinvointiin ja emeritusprofessori Matti Koiranen aiheesta, Tuotannon reformi ja luova talous tulevaisuusperinn\u00f6n kannalta. Tilaisuuden aluksi puheenjohtaja Raimo Alarova esitti asiakirjahallinnanp\u00e4\u00e4llikk\u00f6 Ari Sir\u00e9nin valmisteleman esityksen Valkeakosken teollisesta historiasta. Tilaisuus onnistui hyvin, yleis\u00f6\u00e4 oli paikalla 13 henkil\u00f6\u00e4 ja keskustelu oli eritt\u00e4in vilkasta.<\/p>\n<p><\/p>\n<p><strong>Luentomateriaalit: <\/strong><\/p>\n<p>Asiakirjahallintap\u00e4\u00e4llikk\u00f6 Ari Sir\u00e9n&nbsp;&nbsp;&nbsp;&nbsp; Valkeakosken teollista historiaa<\/p>\n<p><a href=\"https:\/\/teollisuusperinne.fi\/wp-content\/uploads\/2025\/08\/Teollinen-Valkeakoski-Ari-Sir\ufffdn-Kotiseutup\ufffdiv\ufffdt-16082025.pdf\">linkki materiaaliin<\/a><\/p>\n<p>Yliasiamies Atte J\u00e4\u00e4skel\u00e4inen&nbsp;&nbsp;&nbsp;&nbsp;&nbsp;&nbsp;&nbsp;&nbsp;&nbsp;&nbsp;&nbsp; Alueet ja talouskasvu: ev\u00e4\u00e4t tulevaisuuden hyvinvointiin&nbsp;<\/p>\n<p><a href=\"https:\/\/teollisuusperinne.fi\/wp-content\/uploads\/2025\/08\/Atte-J\ufffd\ufffdskel\ufffdinen-Alueet-ja-talouskasvu-Kotiseutup\ufffdiv\ufffdt-16082025.pdf\">linkki materiaaliin<\/a><\/p>\n<p>Emeritusprofessori Matti Koiranen&nbsp;&nbsp;&nbsp; Tuotannon reformi ja luova talous tulevaisuusperinn\u00f6n kannalta&nbsp;<\/p>\n<p><a href=\"https:\/\/teollisuusperinne.fi\/wp-content\/uploads\/2025\/08\/Matti-Koiranen-Tuotannon-reformi-ja-luova-talous-Kotiseutup\ufffdiv\ufffdt-16082025.pdf\">linkki meteriaaliin<\/a><\/p><\/div>\n\t\t\t\t<\/div>\n\t\t\t\t\t\t\t<div class=\"elementor-toggle-item\">\n\t\t\t\t\t<div id=\"elementor-tab-title-1302\" class=\"elementor-tab-title\" data-tab=\"2\" role=\"button\" aria-controls=\"elementor-tab-content-1302\" aria-expanded=\"false\">\n\t\t\t\t\t\t\t\t\t\t\t\t<a class=\"elementor-toggle-title\" tabindex=\"0\">TEOLLISUUDEN ARKKITEHTUURIA VALKEAKOSKELLA 16.9.2024<\/a>\n\t\t\t\t\t<\/div>\n\n\t\t\t\t\t<div id=\"elementor-tab-content-1302\" class=\"elementor-tab-content elementor-clearfix\" data-tab=\"2\" role=\"region\" aria-labelledby=\"elementor-tab-title-1302\"><p style=\"background: white; margin: 0cm 0cm 12.0pt 0cm;\"><span style=\"font-family: 'Arial',sans-serif; color: black; letter-spacing: -.2pt;\">Maanantaina 16.9.2024 yhdistys j\u00e4rjesti yhteisty\u00f6ss\u00e4 Valkeakosken Rotaryklubin kanssa luentotilaisuuden. Luentotilaisuuden aiheena oli\u00a0Teollisuuden arkkitehtuuria Valkeakoskella. Tilaisuudessa luennoin FT Leena Makkonen arkkitehdeist\u00e4 Ragnar Ypy\u00e4 ja Martta Martikainen-Ypy\u00e4st\u00e4 sek\u00e4 FT Johanna Bj\u00f6rkman arkkitehti W.G Palmqvistista. Tilaisuus onnistui hyvin, yleis\u00f6\u00e4 oli paikalla 38 henkil\u00f6\u00e4.<\/span><\/p><p><strong>Luentomateriaalit:<\/strong><\/p><p>FT Leena Makkonen Ragnar Ypy\u00e4 ja Martta Martikainen-Ypy\u00e4<br \/><a href=\"https:\/\/teollisuusperinne.fi\/wp-content\/uploads\/2024\/09\/PPT_Leena-Makkonen_Ypya-16092024.pdf\" target=\"_blank\" rel=\"noopener\">linkki materiaaliin<\/a><\/p><p>FT Johanna Bj\u00f6rkman W. G. Palmqvist<br \/><a href=\"https:\/\/teollisuusperinne.fi\/wp-content\/uploads\/2024\/09\/Bjorkman-esitys-16092024-Valkeakoski.pdf\" target=\"_blank\" rel=\"noopener\">linkki materiaaliin<\/a><\/p><\/div>\n\t\t\t\t<\/div>\n\t\t\t\t\t\t\t<div class=\"elementor-toggle-item\">\n\t\t\t\t\t<div id=\"elementor-tab-title-1303\" class=\"elementor-tab-title\" data-tab=\"3\" role=\"button\" aria-controls=\"elementor-tab-content-1303\" aria-expanded=\"false\">\n\t\t\t\t\t\t\t\t\t\t\t\t<a class=\"elementor-toggle-title\" tabindex=\"0\">150 VUOTTA PAPERITEOLLISUUTTA 5.4.2023<\/a>\n\t\t\t\t\t<\/div>\n\n\t\t\t\t\t<div id=\"elementor-tab-content-1303\" class=\"elementor-tab-content elementor-clearfix\" data-tab=\"3\" role=\"region\" aria-labelledby=\"elementor-tab-title-1303\"><p>Keskiviikkona 5.4.2023 yhdistys j\u00e4rjesti yhteisty\u00f6ss\u00e4 Valkeakosken Rotaryklubin kanssa luentotilaisuuden. Luentotilaisuuden aiheena oli <strong>150 vuotta paperiteollisuutta<\/strong>. Valkeakosken paperiteollisuuden 150 vuotisesta historiasta luennoi UPM:n asiakirjahallinnon p\u00e4\u00e4llikk\u00f6 Ari Sir\u00e9n. Tekniikan tohtori Mirva Peltoniemi Jyv\u00e4skyl\u00e4n yliopistosta luennoi puolestaan Valkeakosken teollisuuden historiasta ja sen roolista Suomen mets\u00e4teollisuuden kehityksess\u00e4.<\/p><p>Teollisen perinn\u00f6n suojelu Suomessa<\/p><figure id=\"attachment_2659\" aria-describedby=\"caption-attachment-2659\" style=\"width: 150px\" class=\"wp-caption alignnone\"><a href=\"https:\/\/teollisuusperinne.fi\/wp-content\/uploads\/2023\/06\/20230405_175734-scaled.jpg\"><img decoding=\"async\" class=\"wp-image-2659 size-thumbnail\" src=\"https:\/\/teollisuusperinne.fi\/wp-content\/uploads\/2023\/06\/20230405_175734-150x150.jpg\" alt=\"Luennoitsija UPM:n asiakirjahallinnon p\u00e4\u00e4llikk\u00f6 Ari Sir\u00e9n\" width=\"150\" height=\"150\" \/><\/a><figcaption id=\"caption-attachment-2659\" class=\"wp-caption-text\">Luennoitsija UPM:n asiakirjahallinnon p\u00e4\u00e4llikk\u00f6 Ari Sir\u00e9n<\/figcaption><\/figure><ul><li>Luennoitsija UPM:n asiakirjahallinnon p\u00e4\u00e4llikk\u00f6 Ari Sir\u00e9n<\/li><li>UPM:n asiakirjahallinnon p\u00e4\u00e4llikk\u00f6 Ari Sir\u00e9nin luento <a href=\"https:\/\/teollisuusperinne.fi\/wp-content\/uploads\/2023\/06\/Tervasaari150-5.4.23.pdf\" target=\"_blank\" rel=\"noopener\">(Luento)<\/a><\/li><\/ul><p>Mets\u00e4teollisuuden strategipolut toisen maailmansodan j\u00e4lkeen<\/p><figure id=\"attachment_2658\" aria-describedby=\"caption-attachment-2658\" style=\"width: 150px\" class=\"wp-caption alignnone\"><a href=\"https:\/\/teollisuusperinne.fi\/wp-content\/uploads\/2023\/06\/20230405_182936-scaled.jpg\"><img decoding=\"async\" class=\"wp-image-2658 size-thumbnail\" src=\"https:\/\/teollisuusperinne.fi\/wp-content\/uploads\/2023\/06\/20230405_182936-150x150.jpg\" alt=\"Luennoitsija Tekniikan tohtori Mirva Peltoniemi, Jyv\u00e4skyl\u00e4n yliopisto\" width=\"150\" height=\"150\" \/><\/a><figcaption id=\"caption-attachment-2658\" class=\"wp-caption-text\">Luennoitsija Tekniikan tohtori Mirva Peltoniemi, Jyv\u00e4skyl\u00e4n yliopisto<\/figcaption><\/figure><ul><li>Luennoitsija Tekniikan tohtori Mirva Peltoniemi, Jyv\u00e4skyl\u00e4n yliopisto<\/li><li>Tekniikan tohtori Mirva Peltoniemen esitys tilaisuudessa <a href=\"https:\/\/teollisuusperinne.fi\/wp-content\/uploads\/2023\/06\/Peltoniemi-Valkeakoski-05042023.pdf\" target=\"_blank\" rel=\"noopener\">(Esitys)<\/a><\/li><\/ul><\/div>\n\t\t\t\t<\/div>\n\t\t\t\t\t\t\t<div class=\"elementor-toggle-item\">\n\t\t\t\t\t<div id=\"elementor-tab-title-1304\" class=\"elementor-tab-title\" data-tab=\"4\" role=\"button\" aria-controls=\"elementor-tab-content-1304\" aria-expanded=\"false\">\n\t\t\t\t\t\t\t\t\t\t\t\t<a class=\"elementor-toggle-title\" tabindex=\"0\">TEOLLINEN PERINT\u00d6 SUOMESSA 12.2.2020<\/a>\n\t\t\t\t\t<\/div>\n\n\t\t\t\t\t<div id=\"elementor-tab-content-1304\" class=\"elementor-tab-content elementor-clearfix\" data-tab=\"4\" role=\"region\" aria-labelledby=\"elementor-tab-title-1304\"><p>Keskiviikkona 12.2.2020 yhdistys j\u00e4rjesti yhteisty\u00f6ss\u00e4 Valkeakosken Rotaryklubin kanssa luentotilaisuuden. Luentotilaisuuden aiheena oli teollisen perinn\u00f6n suojelu Suomessa ja mets\u00e4teollisuuden strategipolut toisen maailman sodan j\u00e4lkeen. Teollisen perinn\u00f6n suojelusta Suomessa luennoi kulttuurineuvos Eero Niinikoski ja Mets\u00e4teollisuuden strategipolut toisen maailman sodan j\u00e4lkeen luennoi professori Jari Ojala.<\/p><p>Teollisen perinn\u00f6n suojelu Suomessa<\/p><ul><li>Luennoitsija kulttuurineuvos Eero Niinikoski<\/li><li>Kulttuurineuvos Eero Niinikosken puhe tilaisuudessa <a href=\"https:\/\/teollisuusperinne.fi\/wp-content\/uploads\/2021\/04\/Puhe-Valkeakoskella-120220-Eero-Niinikoski.pdf\" target=\"_blank\" rel=\"noopener\">(Puhe)<\/a><\/li><\/ul><p>Mets\u00e4teollisuuden strategipolut toisen maailmansodan j\u00e4lkeen<\/p><ul><li>Luennoitsija professori Jari Ojala, Jyv\u00e4skyl\u00e4n Yliopisto<\/li><li>Professori Jari Ojalan esitys tilaisuudessa <a href=\"https:\/\/teollisuusperinne.fi\/wp-content\/uploads\/2021\/04\/Valkeakoski-20200212b-Jari-Ojala-1.pdf\" target=\"_blank\" rel=\"noopener\">(Esitys)<\/a><\/li><\/ul><ul><li style=\"list-style-type: none;\">\u00a0<\/li><\/ul><\/div>\n\t\t\t\t<\/div>\n\t\t\t\t\t\t\t<div class=\"elementor-toggle-item\">\n\t\t\t\t\t<div id=\"elementor-tab-title-1305\" class=\"elementor-tab-title\" data-tab=\"5\" role=\"button\" aria-controls=\"elementor-tab-content-1305\" aria-expanded=\"false\">\n\t\t\t\t\t\t\t\t\t\t\t\t<a class=\"elementor-toggle-title\" tabindex=\"0\">TEOLLISUUS JA URHEILU 18.4.2018<\/a>\n\t\t\t\t\t<\/div>\n\n\t\t\t\t\t<div id=\"elementor-tab-content-1305\" class=\"elementor-tab-content elementor-clearfix\" data-tab=\"5\" role=\"region\" aria-labelledby=\"elementor-tab-title-1305\"><p>Teollisuus ja urheilu sek\u00e4 tutustuminen Suomen jalkapallomuseoon.<\/p><p>Keskiviikkona 18.4.2018 yhdistys j\u00e4rjesti yhteisty\u00f6ss\u00e4 Valkeakosken Rotaryklubin kanssa tutustumisvierailun Suomen jalkapallo museoon. Oppaana toimi Eero V\u00e4yrynen, joka piti tutustumisen alussa esityksen aiheesta urheilu ja teollisuus Valkeakoskella 60 \u2013luvulta t\u00e4h\u00e4n p\u00e4iv\u00e4\u00e4n.<\/p><ul><li>Luennoitsijana ja oppaana Eero V\u00e4yrynen<\/li><\/ul><\/div>\n\t\t\t\t<\/div>\n\t\t\t\t\t\t\t<div class=\"elementor-toggle-item\">\n\t\t\t\t\t<div id=\"elementor-tab-title-1306\" class=\"elementor-tab-title\" data-tab=\"6\" role=\"button\" aria-controls=\"elementor-tab-content-1306\" aria-expanded=\"false\">\n\t\t\t\t\t\t\t\t\t\t\t\t<a class=\"elementor-toggle-title\" tabindex=\"0\">VALKEAKOSKEN AMMATTIOPISTON KONE- JA TUOTANTOTEKNIIKAN KOULUTUS JA OPPIMISYMP\u00c4RIST\u00d6T 25.1.2017<\/a>\n\t\t\t\t\t<\/div>\n\n\t\t\t\t\t<div id=\"elementor-tab-content-1306\" class=\"elementor-tab-content elementor-clearfix\" data-tab=\"6\" role=\"region\" aria-labelledby=\"elementor-tab-title-1306\"><p>Keskiviikkona 25.1.2017 yhdistys j\u00e4rjesti yhteisty\u00f6ss\u00e4 Valkeakosken Rotaryklubin kanssa tutustumisvierailun VAAO:oon. VAAOn yleisesittelyn piti kuntayhtym\u00e4johtaja\/rehtori Raimo Alarova ja kone- ja metallitekniikan koulutuksesta koulutusp\u00e4\u00e4llikk\u00f6 Ville J\u00e4rvinen.<\/p><p>Ohjelma<\/p><ul><li>Valkeakosken Teollisuusperinne ry<\/li><li>VAAO -esittely<\/li><li>Kone- ja tuotantotekniikan koulutus<\/li><li>Oppimisymp\u00e4rist\u00f6jen esittely<\/li><li>CNC -koneistus<\/li><li>Vierailuis\u00e4nt\u00e4 koulutusp\u00e4\u00e4llikk\u00f6 Ville J\u00e4rvinen<\/li><\/ul><\/div>\n\t\t\t\t<\/div>\n\t\t\t\t\t\t\t<div class=\"elementor-toggle-item\">\n\t\t\t\t\t<div id=\"elementor-tab-title-1307\" class=\"elementor-tab-title\" data-tab=\"7\" role=\"button\" aria-controls=\"elementor-tab-content-1307\" aria-expanded=\"false\">\n\t\t\t\t\t\t\t\t\t\t\t\t<a class=\"elementor-toggle-title\" tabindex=\"0\">METS\u00c4TEOLLISUUTEMME TUOTEKEHITYS 24.2.2016<\/a>\n\t\t\t\t\t<\/div>\n\n\t\t\t\t\t<div id=\"elementor-tab-content-1307\" class=\"elementor-tab-content elementor-clearfix\" data-tab=\"7\" role=\"region\" aria-labelledby=\"elementor-tab-title-1307\"><p>Mets\u00e4teollisuutemme tuotekehityksen huipulla<\/p><p>Keskiviikkona 24.2.2016 yhdistys j\u00e4rjesti yhteisty\u00f6ss\u00e4 Valkeakosken Rotaryklubin kanssa luentotilaisuuden. Luentotilaisuuden aiheena oli Mets\u00e4teollisuutemme tuotekehityksen huipulla. Luennoitsijana toimi Jaakko Rislakki.<\/p><ul><li>Luennoitsija Jaakko Rislakki<\/li><li>Jaakko Rislakin esitys tilaisuudessa (<a href=\"https:\/\/teollisuusperinne.fi\/wp-content\/uploads\/2021\/04\/Jaakko-Rislakki-24022016.pdf\" target=\"_blank\" rel=\"noopener\">Esitys<\/a>)<\/li><\/ul><\/div>\n\t\t\t\t<\/div>\n\t\t\t\t\t\t\t<div class=\"elementor-toggle-item\">\n\t\t\t\t\t<div id=\"elementor-tab-title-1308\" class=\"elementor-tab-title\" data-tab=\"8\" role=\"button\" aria-controls=\"elementor-tab-content-1308\" aria-expanded=\"false\">\n\t\t\t\t\t\t\t\t\t\t\t\t<a class=\"elementor-toggle-title\" tabindex=\"0\">JUUSO WALDENIN AIKAKAUDEN JOHTAMISKULTTUURI 18.2.2015<\/a>\n\t\t\t\t\t<\/div>\n\n\t\t\t\t\t<div id=\"elementor-tab-content-1308\" class=\"elementor-tab-content elementor-clearfix\" data-tab=\"8\" role=\"region\" aria-labelledby=\"elementor-tab-title-1308\"><p>Keskiviikkona 18.2.2015 yhdistys j\u00e4rjesti yhteisty\u00f6ss\u00e4 Valkeakosken Rotaryklubin kanssa luentotilaisuuden. Luentotilaisuuden aiheena oli Henkil\u00f6st\u00f6johtaminen Juuso Waldenin aikakauden Yhtyneill\u00e4 Paperitehtailla. Luennoitsijana toimi FT Kaj Raiskio.<\/p><p>Juuso Waldenin aikakauden johtamiskulttuuri<\/p><ul><li>Luennoitsija FT Kaj Raiskio<\/li><\/ul><div>\u00a0<\/div><\/div>\n\t\t\t\t<\/div>\n\t\t\t\t\t\t\t\t<\/div>\n\t\t\t\t\t\t<\/div>\n\t\t\t\t<\/div>\n\t\t\t\t\t<\/div>\n\t\t<\/div>\n\t\t\t\t\t<\/div>\n\t\t<\/section>\n\t\t\t\t<\/div>\n\t\t","protected":false},"excerpt":{"rendered":"<p>TUOTANTO RAKENNEMUUTOKSESSA: Teollisuusperint\u00f6 haastaa uusiutumaan 16.8.2025 Keskustelu- ja luentotilaisuus, keskustelukammari, Valkeakosken kotiseutup\u00e4iv\u00e4t 16.8.2025 Yhdistys j\u00e4rjesti keskustelu- ja luentotilaisuuden osana Valkeakosken kotiseutup\u00e4ivien ohjelmaa lauantaina 16.8.2025. Tilaisuuden aiheena oli&nbsp;Tuotanto rakennemuutoksessa: Teollisuusperint\u00f6 haastaa uusiutumaan. Tilaisuudessa luennoin yliasiamies Atte J\u00e4\u00e4skel\u00e4inen aiheesta, Alueet ja talouskasvu: ev\u00e4\u00e4t tulevaisuuden hyvinvointiin ja emeritusprofessori Matti Koiranen aiheesta, Tuotannon reformi ja luova talous tulevaisuusperinn\u00f6n kannalta. [&hellip;]<\/p>\n","protected":false},"author":3,"featured_media":0,"parent":0,"menu_order":0,"comment_status":"closed","ping_status":"closed","template":"elementor_canvas","meta":{"footnotes":""},"folder":[8],"class_list":["post-221","page","type-page","status-publish","hentry"],"_links":{"self":[{"href":"https:\/\/teollisuusperinne.fi\/index.php\/wp-json\/wp\/v2\/pages\/221","targetHints":{"allow":["GET"]}}],"collection":[{"href":"https:\/\/teollisuusperinne.fi\/index.php\/wp-json\/wp\/v2\/pages"}],"about":[{"href":"https:\/\/teollisuusperinne.fi\/index.php\/wp-json\/wp\/v2\/types\/page"}],"author":[{"embeddable":true,"href":"https:\/\/teollisuusperinne.fi\/index.php\/wp-json\/wp\/v2\/users\/3"}],"replies":[{"embeddable":true,"href":"https:\/\/teollisuusperinne.fi\/index.php\/wp-json\/wp\/v2\/comments?post=221"}],"version-history":[{"count":181,"href":"https:\/\/teollisuusperinne.fi\/index.php\/wp-json\/wp\/v2\/pages\/221\/revisions"}],"predecessor-version":[{"id":2780,"href":"https:\/\/teollisuusperinne.fi\/index.php\/wp-json\/wp\/v2\/pages\/221\/revisions\/2780"}],"wp:attachment":[{"href":"https:\/\/teollisuusperinne.fi\/index.php\/wp-json\/wp\/v2\/media?parent=221"}],"wp:term":[{"taxonomy":"folder","embeddable":true,"href":"https:\/\/teollisuusperinne.fi\/index.php\/wp-json\/wp\/v2\/folder?post=221"}],"curies":[{"name":"wp","href":"https:\/\/api.w.org\/{rel}","templated":true}]}}