{"id":2143,"date":"2022-05-03T11:00:29","date_gmt":"2022-05-03T11:00:29","guid":{"rendered":"https:\/\/teollisuusperinne.fi\/?page_id=2143"},"modified":"2022-10-12T18:31:27","modified_gmt":"2022-10-12T18:31:27","slug":"hypap-oy","status":"publish","type":"page","link":"https:\/\/teollisuusperinne.fi\/index.php\/hypap-oy\/","title":{"rendered":"Hypap Oy"},"content":{"rendered":"\t\t<div data-elementor-type=\"wp-page\" data-elementor-id=\"2143\" class=\"elementor elementor-2143\">\n\t\t\t\t\t\t<section class=\"elementor-section elementor-top-section elementor-element elementor-element-9109203 elementor-section-boxed elementor-section-height-default elementor-section-height-default\" data-id=\"9109203\" data-element_type=\"section\" data-e-type=\"section\">\n\t\t\t\t\t\t<div class=\"elementor-container elementor-column-gap-default\">\n\t\t\t\t\t<div class=\"elementor-column elementor-col-100 elementor-top-column elementor-element elementor-element-0d83828\" data-id=\"0d83828\" data-element_type=\"column\" data-e-type=\"column\">\n\t\t\t<div class=\"elementor-widget-wrap elementor-element-populated\">\n\t\t\t\t\t\t<div class=\"elementor-element elementor-element-4d9ec3e elementor-widget elementor-widget-text-editor\" data-id=\"4d9ec3e\" data-element_type=\"widget\" data-e-type=\"widget\" data-widget_type=\"text-editor.default\">\n\t\t\t\t<div class=\"elementor-widget-container\">\n\t\t\t\t\t\t\t\t\t<p>Yhti\u00f6 sai alkusys\u00e4yksen kun Alpo Pollari kuuli kroonikoiden tarvitsemille ruokalapuille, ja etenkin niiden koneelliselle tuotannolle, olevan kysynt\u00e4\u00e4. Pollari, joka oli tuolloin t\u00f6iss\u00e4 Yhtyneill\u00e4 Paperitehtailla, sai luvan perustaa kommandiittiyhti\u00f6. Alpo Pollari rekister\u00f6i Hypa ky:n 12.11.1981.<\/p><p>Hypa ky aloitti toimintansa Pollarin omassa autotallissa, mutta jo 1982 tuotannon konetta t\u00e4ytyi laajentaa, jolloin tarvittiin erillinen tila. Pollarin talon tontille rakennettiin koneelle oma halli. Toiminnan alkaessa tuotettiin kertak\u00e4ytt\u00f6ruokalappuja vain Kotkan tulosyksikk\u00f6\u00f6n.<\/p><p>1988 Hypa ky laajentui ja tuotevalikoima kasvoi. Pollari suunnitteli uuden koneen yhdess\u00e4 poikansa Risto Pollarin kanssa ja alkoi etsim\u00e4\u00e4n uusia toimitiloja. Toimitilat vuokrattiin Lumikorven teollisuusalueelta. Kun uutta konetta asennettiin Lumikorven tiloihin jatkui tuotanto vanhoissa tiloissa vanhalla koneella, my\u00f6hemmin vanha kone siirrettiin my\u00f6s uusiin tiloihin. Kun uusi kone saatiin k\u00e4yntiin, tehtiin t\u00f6it\u00e4 viel\u00e4 yhdess\u00e4 vanhalla koneella kunnes uuden koneen k\u00e4yntivarmuus parani.<\/p><p>Hypa ky:n siirrytty\u00e4 uusiin toimitiloihin, joustettiin Kotkan tulosyksik\u00f6ss\u00e4 yksinmyyntioikeudessa ja yhti\u00f6 sai luvan markkinoida tuotteitaan vientiin. Seurauksena Hypa ky:lle perustettiin sivukonttori Tampereelle, joka hoiti viennin. Konttori toimi ensin Risto Pollarin asunnossa ja my\u00f6hemmin Pekka Pollarin asunnossa.<\/p><p>1991 yhti\u00f6n laajenemista alettiin j\u00e4lleen mietti\u00e4. Uusia tiloja varten hankittiin tontti Pispantallilta. Tontille rakennettiin halli, joka luovutettiin Alpo Pollarille 30.11.1992. Vuoden vaihteessa Hypa ky:st\u00e4 tehtiin osakeyhti\u00f6 ja sen nimi muuttui Hypap Oy:ksi.<\/p><p>Samalla kun uutta hallia rakennettiin loppui tuotanto Kotkan tulosyksik\u00f6ss\u00e4 GAS-M\u00e4nt\u00e4n ostettua sen Yhtyneilt\u00e4 Paperitehtailta. Hypap Oy sai kuitenkin jatkaa toimituksia GAS-M\u00e4nt\u00e4lle samoilla ehdoilla. Koska yksinmyyntioikeus raukesi ja GAS-M\u00e4ntt\u00e4 ei sit\u00e4 uusinut, teki Alpo Pollari uuden sopimuksen Tamron kanssa. Tamro sai yksinmarkkinoinnin ruokalapuille ja yhteisty\u00f6 GAS-M\u00e4nt\u00e4n kanssa lakkasi.<\/p><p>Kun Pekka Pollari muutti takaisin Valkeakoskelle, p\u00e4\u00e4tti Alpo Pollari antaa h\u00e4nelle Hypap Oy:n prokurin. T\u00e4m\u00e4 annettiin h\u00e4nelle 15.11.1996. Samoihin aikoihin alettiin t\u00e4ht\u00e4\u00e4m\u00e4\u00e4n tehokkaammin ulkomaan markkinoille.<\/p><p>4.7.1997 Hypap Oy laajeni j\u00e4lleen kun se osti Rastle ky:n. Rastle ky:n koneistoa varten rakennettiin lis\u00e4\u00e4 tilaa, joka valmistui viel\u00e4 saman vuoden puolella.<\/p><p>2001 tapahtui sukupolvenvaihdos kun Pekka Pollarista tuli yrityksen toimitusjohtaja. Alpo Pollari teki kuitenkin viel\u00e4 t\u00f6it\u00e4 yhdess\u00e4 poikansa kanssa. 2000-luvulla alkaneen m\u00e4\u00e4r\u00e4tietoisen vientiin panostamisen takia yrityksen liikevaihto kolminkertaistui.<\/p><p>Hypap Oy jatkaa toimintaansa viel\u00e4 nyky\u00e4\u00e4nkin. Siell\u00e4 ty\u00f6skentelee noin 40 henkil\u00f6\u00e4. Hypap Oy on ollut mukana Ket\u00e4\u00e4n ei irtisanota -kampanjassa 2009 ja on voittanut Vuoden ty\u00f6nantaja 2010 -palkinnon ja valittu 2010 Vuoden pirkanmaalaiseksi yritt\u00e4j\u00e4ksi.<\/p><p>\u00a0<\/p><p>Paavo Laurila<\/p>\t\t\t\t\t\t\t\t<\/div>\n\t\t\t\t<\/div>\n\t\t\t\t\t<\/div>\n\t\t<\/div>\n\t\t\t\t\t<\/div>\n\t\t<\/section>\n\t\t\t\t<\/div>\n\t\t","protected":false},"excerpt":{"rendered":"<p>Yhti\u00f6 sai alkusys\u00e4yksen kun Alpo Pollari kuuli kroonikoiden tarvitsemille ruokalapuille, ja etenkin niiden koneelliselle tuotannolle, olevan kysynt\u00e4\u00e4. Pollari, joka oli tuolloin t\u00f6iss\u00e4 Yhtyneill\u00e4 Paperitehtailla, sai luvan perustaa kommandiittiyhti\u00f6. Alpo Pollari rekister\u00f6i Hypa ky:n 12.11.1981. Hypa ky aloitti toimintansa Pollarin omassa autotallissa, mutta jo 1982 tuotannon konetta t\u00e4ytyi laajentaa, jolloin tarvittiin erillinen tila. Pollarin talon tontille [&hellip;]<\/p>\n","protected":false},"author":3,"featured_media":0,"parent":0,"menu_order":0,"comment_status":"closed","ping_status":"closed","template":"elementor_canvas","meta":{"footnotes":""},"folder":[9],"class_list":["post-2143","page","type-page","status-publish","hentry"],"_links":{"self":[{"href":"https:\/\/teollisuusperinne.fi\/index.php\/wp-json\/wp\/v2\/pages\/2143","targetHints":{"allow":["GET"]}}],"collection":[{"href":"https:\/\/teollisuusperinne.fi\/index.php\/wp-json\/wp\/v2\/pages"}],"about":[{"href":"https:\/\/teollisuusperinne.fi\/index.php\/wp-json\/wp\/v2\/types\/page"}],"author":[{"embeddable":true,"href":"https:\/\/teollisuusperinne.fi\/index.php\/wp-json\/wp\/v2\/users\/3"}],"replies":[{"embeddable":true,"href":"https:\/\/teollisuusperinne.fi\/index.php\/wp-json\/wp\/v2\/comments?post=2143"}],"version-history":[{"count":13,"href":"https:\/\/teollisuusperinne.fi\/index.php\/wp-json\/wp\/v2\/pages\/2143\/revisions"}],"predecessor-version":[{"id":2555,"href":"https:\/\/teollisuusperinne.fi\/index.php\/wp-json\/wp\/v2\/pages\/2143\/revisions\/2555"}],"wp:attachment":[{"href":"https:\/\/teollisuusperinne.fi\/index.php\/wp-json\/wp\/v2\/media?parent=2143"}],"wp:term":[{"taxonomy":"folder","embeddable":true,"href":"https:\/\/teollisuusperinne.fi\/index.php\/wp-json\/wp\/v2\/folder?post=2143"}],"curies":[{"name":"wp","href":"https:\/\/api.w.org\/{rel}","templated":true}]}}