{"id":135,"date":"2021-01-26T12:47:15","date_gmt":"2021-01-26T12:47:15","guid":{"rendered":"https:\/\/teollisuusperinne.fi\/?page_id=135"},"modified":"2022-09-16T07:08:21","modified_gmt":"2022-09-16T07:08:21","slug":"etusivu","status":"publish","type":"page","link":"https:\/\/teollisuusperinne.fi\/","title":{"rendered":"ETUSIVU"},"content":{"rendered":"\t\t<div data-elementor-type=\"wp-page\" data-elementor-id=\"135\" class=\"elementor elementor-135\">\n\t\t\t\t\t\t<section class=\"elementor-section elementor-top-section elementor-element elementor-element-64ada96 elementor-section-height-min-height elementor-section-boxed elementor-section-height-default elementor-section-items-middle\" data-id=\"64ada96\" data-element_type=\"section\" data-e-type=\"section\" data-settings=\"{&quot;background_background&quot;:&quot;classic&quot;}\">\n\t\t\t\t\t\t<div class=\"elementor-container elementor-column-gap-default\">\n\t\t\t\t\t<div class=\"elementor-column elementor-col-100 elementor-top-column elementor-element elementor-element-dab67a4\" data-id=\"dab67a4\" data-element_type=\"column\" data-e-type=\"column\" data-settings=\"{&quot;background_background&quot;:&quot;classic&quot;}\">\n\t\t\t<div class=\"elementor-widget-wrap elementor-element-populated\">\n\t\t\t\t\t\t<div class=\"elementor-element elementor-element-73e3c1b elementor-widget elementor-widget-text-editor\" data-id=\"73e3c1b\" data-element_type=\"widget\" data-e-type=\"widget\" data-widget_type=\"text-editor.default\">\n\t\t\t\t<div class=\"elementor-widget-container\">\n\t\t\t\t\t\t\t\t\t<p><strong>VALKEAKOSKEN TEOLLISUUSPERINNE RY<\/strong>&nbsp;<\/p>\n<p>Valkeakosken Teollisuusperinne ry on Valkeakoskella 2013 perustettu yhdistys, jonka tarkoituksena&nbsp;on&nbsp;paikallisen&nbsp;teollisuusperinteen vaaliminen, yll\u00e4pit\u00e4minen ja kehitt\u00e4minen.<\/p>\n<p>Yhdistys&nbsp;toimii&nbsp;j\u00e4rjest\u00e4m\u00e4ll\u00e4&nbsp;erilaisia&nbsp;koulutus-, keskustelu- ja esitelm\u00e4tilaisuuksia&nbsp;sek\u00e4&nbsp;n\u00e4yttelyit\u00e4. Lis\u00e4ksi yhdistys tukee Valkeakosken teollisuusperinnett\u00e4 koskevaa tutkimustoimintaa, jakaa tutkimus- ja perinnetietoa sek\u00e4 tukee toiminnallisesti teollisuusperinteen kehitt\u00e4mist\u00e4 ja yll\u00e4pit\u00e4mist\u00e4. <br>Yhdistys&nbsp;yll\u00e4pit\u00e4\u00e4 my\u00f6s stipendirahastoja, jotka jakavat&nbsp;avustuksia ja stipendej\u00e4, joilla tuetaan teollisuusalojen opiskelijoiden opintoja.<\/p>\n<p>Tule mukaan toimintaan ja liity j\u00e4seneksi!&nbsp;J\u00e4seneksi voi liitty\u00e4&nbsp;yritys ja yhteis\u00f6 sek\u00e4 yksityishenkil\u00f6kin.&nbsp;<\/p>\n<p>J\u00e4senkyselyt osoitteeseen: info@teollisuusperinne.fi<\/p>\n<p>Ilmoita j\u00e4seneksi liittymist\u00e4 varten<\/p>\n<ul>\n<li>Yritys \/ Nimi&nbsp;<\/li>\n<li>Osoite<\/li>\n<li>Puhelinnumero<\/li>\n<li>S\u00e4hk\u00f6posti<\/li>\n<\/ul>\n<div>&nbsp;<\/div>\n<p>J\u00e4senmaksu<\/p>\n<ul>\n<li>Yritykset\/yhteis\u00f6t 100 euroa<\/li>\n<li>Yksityishenkil\u00f6t 30 euroa<\/li>\n<\/ul>\t\t\t\t\t\t\t\t<\/div>\n\t\t\t\t<\/div>\n\t\t\t\t\t<\/div>\n\t\t<\/div>\n\t\t\t\t\t<\/div>\n\t\t<\/section>\n\t\t\t\t<section class=\"elementor-section elementor-top-section elementor-element elementor-element-aa40cc8 elementor-section-boxed elementor-section-height-default elementor-section-height-default\" data-id=\"aa40cc8\" data-element_type=\"section\" data-e-type=\"section\">\n\t\t\t\t\t\t<div class=\"elementor-container elementor-column-gap-default\">\n\t\t\t\t\t<div class=\"elementor-column elementor-col-100 elementor-top-column elementor-element elementor-element-ca698bb\" data-id=\"ca698bb\" data-element_type=\"column\" data-e-type=\"column\">\n\t\t\t<div class=\"elementor-widget-wrap elementor-element-populated\">\n\t\t\t\t\t\t<div class=\"elementor-element elementor-element-43e5344 elementor-widget elementor-widget-spacer\" data-id=\"43e5344\" data-element_type=\"widget\" data-e-type=\"widget\" data-widget_type=\"spacer.default\">\n\t\t\t\t<div class=\"elementor-widget-container\">\n\t\t\t\t\t\t\t<div class=\"elementor-spacer\">\n\t\t\t<div class=\"elementor-spacer-inner\"><\/div>\n\t\t<\/div>\n\t\t\t\t\t\t<\/div>\n\t\t\t\t<\/div>\n\t\t\t\t\t<\/div>\n\t\t<\/div>\n\t\t\t\t\t<\/div>\n\t\t<\/section>\n\t\t\t\t<\/div>\n\t\t","protected":false},"excerpt":{"rendered":"<p>VALKEAKOSKEN TEOLLISUUSPERINNE RY&nbsp; Valkeakosken Teollisuusperinne ry on Valkeakoskella 2013 perustettu yhdistys, jonka tarkoituksena&nbsp;on&nbsp;paikallisen&nbsp;teollisuusperinteen vaaliminen, yll\u00e4pit\u00e4minen ja kehitt\u00e4minen. Yhdistys&nbsp;toimii&nbsp;j\u00e4rjest\u00e4m\u00e4ll\u00e4&nbsp;erilaisia&nbsp;koulutus-, keskustelu- ja esitelm\u00e4tilaisuuksia&nbsp;sek\u00e4&nbsp;n\u00e4yttelyit\u00e4. Lis\u00e4ksi yhdistys tukee Valkeakosken teollisuusperinnett\u00e4 koskevaa tutkimustoimintaa, jakaa tutkimus- ja perinnetietoa sek\u00e4 tukee toiminnallisesti teollisuusperinteen kehitt\u00e4mist\u00e4 ja yll\u00e4pit\u00e4mist\u00e4. Yhdistys&nbsp;yll\u00e4pit\u00e4\u00e4 my\u00f6s stipendirahastoja, jotka jakavat&nbsp;avustuksia ja stipendej\u00e4, joilla tuetaan teollisuusalojen opiskelijoiden opintoja. Tule mukaan toimintaan ja [&hellip;]<\/p>\n","protected":false},"author":3,"featured_media":0,"parent":0,"menu_order":0,"comment_status":"closed","ping_status":"closed","template":"elementor_canvas","meta":{"footnotes":""},"folder":[8],"class_list":["post-135","page","type-page","status-publish","hentry"],"_links":{"self":[{"href":"https:\/\/teollisuusperinne.fi\/index.php\/wp-json\/wp\/v2\/pages\/135","targetHints":{"allow":["GET"]}}],"collection":[{"href":"https:\/\/teollisuusperinne.fi\/index.php\/wp-json\/wp\/v2\/pages"}],"about":[{"href":"https:\/\/teollisuusperinne.fi\/index.php\/wp-json\/wp\/v2\/types\/page"}],"author":[{"embeddable":true,"href":"https:\/\/teollisuusperinne.fi\/index.php\/wp-json\/wp\/v2\/users\/3"}],"replies":[{"embeddable":true,"href":"https:\/\/teollisuusperinne.fi\/index.php\/wp-json\/wp\/v2\/comments?post=135"}],"version-history":[{"count":208,"href":"https:\/\/teollisuusperinne.fi\/index.php\/wp-json\/wp\/v2\/pages\/135\/revisions"}],"predecessor-version":[{"id":2387,"href":"https:\/\/teollisuusperinne.fi\/index.php\/wp-json\/wp\/v2\/pages\/135\/revisions\/2387"}],"wp:attachment":[{"href":"https:\/\/teollisuusperinne.fi\/index.php\/wp-json\/wp\/v2\/media?parent=135"}],"wp:term":[{"taxonomy":"folder","embeddable":true,"href":"https:\/\/teollisuusperinne.fi\/index.php\/wp-json\/wp\/v2\/folder?post=135"}],"curies":[{"name":"wp","href":"https:\/\/api.w.org\/{rel}","templated":true}]}}